{"id":2076,"date":"2024-12-28T15:19:33","date_gmt":"2024-12-28T15:19:33","guid":{"rendered":"https:\/\/demosites.royal-elementor-addons.com\/personal-coach-v1\/?page_id=12"},"modified":"2026-01-22T16:41:01","modified_gmt":"2026-01-22T16:41:01","slug":"contactos","status":"publish","type":"page","link":"https:\/\/smarterbrand.pt\/en\/contactos\/","title":{"rendered":"Contactos"},"content":{"rendered":"<div data-elementor-type=\"wp-page\" data-elementor-id=\"2076\" class=\"elementor elementor-2076\">\n\t\t\t\t<div class=\"elementor-element elementor-element-79613da e-flex e-con-boxed wpr-particle-no wpr-jarallax-no wpr-parallax-no wpr-sticky-section-no wpr-equal-height-no e-con e-parent\" data-id=\"79613da\" data-element_type=\"container\" data-e-type=\"container\" data-settings=\"{&quot;background_background&quot;:&quot;classic&quot;}\">\n\t\t\t\t\t<div class=\"e-con-inner\">\n\t\t<div class=\"elementor-element elementor-element-1872078 e-flex e-con-boxed wpr-particle-no wpr-jarallax-no wpr-parallax-no wpr-sticky-section-no wpr-equal-height-no elementor-invisible e-con e-child\" data-id=\"1872078\" data-element_type=\"container\" data-e-type=\"container\" data-settings=\"{&quot;animation&quot;:&quot;slideInLeft&quot;}\">\n\t\t\t\t\t<div class=\"e-con-inner\">\n\t\t\t\t<div class=\"elementor-element elementor-element-1ae5aa2 elementor-widget elementor-widget-spacer\" data-id=\"1ae5aa2\" data-element_type=\"widget\" data-e-type=\"widget\" data-widget_type=\"spacer.default\">\n\t\t\t\t\t\t\t<div class=\"elementor-spacer\">\n\t\t\t<div class=\"elementor-spacer-inner\"><\/div>\n\t\t<\/div>\n\t\t\t\t\t\t<\/div>\n\t\t\t\t<div class=\"elementor-element elementor-element-02d1fe7 elementor-widget elementor-widget-heading\" data-id=\"02d1fe7\" data-element_type=\"widget\" data-e-type=\"widget\" data-widget_type=\"heading.default\">\n\t\t\t\t\t<h2 class=\"elementor-heading-title elementor-size-default\">Contactos<\/h2>\t\t\t\t<\/div>\n\t\t\t\t<div class=\"elementor-element elementor-element-b580d9e elementor-widget elementor-widget-spacer\" data-id=\"b580d9e\" data-element_type=\"widget\" data-e-type=\"widget\" data-widget_type=\"spacer.default\">\n\t\t\t\t\t\t\t<div class=\"elementor-spacer\">\n\t\t\t<div class=\"elementor-spacer-inner\"><\/div>\n\t\t<\/div>\n\t\t\t\t\t\t<\/div>\n\t\t\t\t<div class=\"elementor-element elementor-element-06299d7 elementor-widget elementor-widget-heading\" data-id=\"06299d7\" data-element_type=\"widget\" data-e-type=\"widget\" data-widget_type=\"heading.default\">\n\t\t\t\t\t<h2 class=\"elementor-heading-title elementor-size-default\">Home \/ Contactos<\/h2>\t\t\t\t<\/div>\n\t\t\t\t<div class=\"elementor-element elementor-element-b32cdf7 elementor-widget elementor-widget-spacer\" data-id=\"b32cdf7\" data-element_type=\"widget\" data-e-type=\"widget\" data-widget_type=\"spacer.default\">\n\t\t\t\t\t\t\t<div class=\"elementor-spacer\">\n\t\t\t<div class=\"elementor-spacer-inner\"><\/div>\n\t\t<\/div>\n\t\t\t\t\t\t<\/div>\n\t\t\t\t<div class=\"elementor-element elementor-element-68c8d3e elementor-widget-divider--view-line elementor-widget elementor-widget-divider\" data-id=\"68c8d3e\" data-element_type=\"widget\" data-e-type=\"widget\" data-widget_type=\"divider.default\">\n\t\t\t\t\t\t\t<div class=\"elementor-divider\">\n\t\t\t<span class=\"elementor-divider-separator\">\n\t\t\t\t\t\t<\/span>\n\t\t<\/div>\n\t\t\t\t\t\t<\/div>\n\t\t\t\t\t<\/div>\n\t\t\t\t<\/div>\n\t\t\t\t\t<\/div>\n\t\t\t\t<\/div>\n\t\t<div class=\"elementor-element elementor-element-26427d3 e-flex e-con-boxed wpr-particle-no wpr-jarallax-no wpr-parallax-no wpr-sticky-section-no wpr-equal-height-no e-con e-parent\" data-id=\"26427d3\" data-element_type=\"container\" data-e-type=\"container\" data-settings=\"{&quot;background_background&quot;:&quot;gradient&quot;}\">\n\t\t\t\t\t<div class=\"e-con-inner\">\n\t\t<div class=\"elementor-element elementor-element-ccdb737 e-flex e-con-boxed wpr-particle-no wpr-jarallax-no wpr-parallax-no wpr-sticky-section-no wpr-equal-height-no elementor-invisible e-con e-child\" data-id=\"ccdb737\" data-element_type=\"container\" data-e-type=\"container\" data-settings=\"{&quot;animation&quot;:&quot;slideInLeft&quot;}\">\n\t\t\t\t\t<div class=\"e-con-inner\">\n\t\t\t\t<div class=\"elementor-element elementor-element-00d70b8 elementor-widget elementor-widget-heading\" data-id=\"00d70b8\" data-element_type=\"widget\" data-e-type=\"widget\" data-widget_type=\"heading.default\">\n\t\t\t\t\t<h2 class=\"elementor-heading-title elementor-size-default\">Vamos Falar?<\/h2>\t\t\t\t<\/div>\n\t\t\t\t<div class=\"elementor-element elementor-element-7e263f5 elementor-widget-divider--view-line elementor-widget elementor-widget-divider\" data-id=\"7e263f5\" data-element_type=\"widget\" data-e-type=\"widget\" data-widget_type=\"divider.default\">\n\t\t\t\t\t\t\t<div class=\"elementor-divider\">\n\t\t\t<span class=\"elementor-divider-separator\">\n\t\t\t\t\t\t<\/span>\n\t\t<\/div>\n\t\t\t\t\t\t<\/div>\n\t\t\t\t<div class=\"elementor-element elementor-element-37cb325 elementor-widget elementor-widget-spacer\" data-id=\"37cb325\" data-element_type=\"widget\" data-e-type=\"widget\" data-widget_type=\"spacer.default\">\n\t\t\t\t\t\t\t<div class=\"elementor-spacer\">\n\t\t\t<div class=\"elementor-spacer-inner\"><\/div>\n\t\t<\/div>\n\t\t\t\t\t\t<\/div>\n\t\t\t\t<div class=\"elementor-element elementor-element-333970a elementor-widget elementor-widget-text-editor\" data-id=\"333970a\" data-element_type=\"widget\" data-e-type=\"widget\" data-widget_type=\"text-editor.default\">\n\t\t\t\t\t\t\t\t\t<p>Vamos discutir o futuro digital da sua marca? Preencha o formul\u00e1rio e diga-nos em que podemos ajudar. Estamos prontos para ajudar a tornar a sua marca mais inteligente.<\/p>\t\t\t\t\t\t\t\t<\/div>\n\t\t\t\t<div class=\"elementor-element elementor-element-488f12b elementor-widget elementor-widget-spacer\" data-id=\"488f12b\" data-element_type=\"widget\" data-e-type=\"widget\" data-widget_type=\"spacer.default\">\n\t\t\t\t\t\t\t<div class=\"elementor-spacer\">\n\t\t\t<div class=\"elementor-spacer-inner\"><\/div>\n\t\t<\/div>\n\t\t\t\t\t\t<\/div>\n\t\t\t\t<div class=\"elementor-element elementor-element-5035e48 wpr-step-type-number_text wpr-step-content-layout-vertical wpr-custom-styles-yes elementor-widget elementor-widget-wpr-form-builder\" data-id=\"5035e48\" data-element_type=\"widget\" data-e-type=\"widget\" data-settings=\"{&quot;success_message&quot;:&quot;Submiss\\u00e3o efetuada&quot;,&quot;error_message&quot;:&quot;Please edit this form and setup your Email&quot;,&quot;button_width&quot;:{&quot;unit&quot;:&quot;%&quot;,&quot;size&quot;:100,&quot;sizes&quot;:[]},&quot;button_width_laptop&quot;:{&quot;unit&quot;:&quot;px&quot;,&quot;size&quot;:&quot;&quot;,&quot;sizes&quot;:[]},&quot;button_width_tablet&quot;:{&quot;unit&quot;:&quot;px&quot;,&quot;size&quot;:&quot;&quot;,&quot;sizes&quot;:[]},&quot;button_width_mobile&quot;:{&quot;unit&quot;:&quot;px&quot;,&quot;size&quot;:&quot;&quot;,&quot;sizes&quot;:[]},&quot;step_type&quot;:&quot;number_text&quot;,&quot;step_content_layout&quot;:&quot;vertical&quot;}\" data-widget_type=\"wpr-form-builder.default\">\n\t\t\t\t\t\t\t<form class=\"wpr-form\" method=\"post\" name=\"New Form\" page=\"Contactos\" page_id=\"2076\" novalidate action=\"\">\n\t\t\t<input type=\"hidden\" name=\"post_id\" value=\"2076\"\/>\n\t\t\t<input type=\"hidden\" name=\"form_id\" value=\"5035e48\"\/>\n\t\t\t<input type=\"hidden\" name=\"referer_title\" value=\"smarterbrand.pt\" \/>\n\n\t\t\t<div class=\"wpr-step-wrap\"><\/div>\n\t\t\t<div class=\"wpr-form-fields-wrap wpr-labels-above\">\n\t\t\t\t\t\t\t\t\t<div class=\"wpr-form-field-type-text wpr-field-group wpr-column wpr-field-group-name elementor-repeater-item-833453a wpr-form-field-required wpr-required-mark\">\n\t\t\t\t\t\t\t\t\t\t\t\t\t\t<label for=\"form-field-name\" class=\"wpr-form-field-label\" data-alt-label=\"Nome\">\n\t\t\t\t\t\t\t\t\tNome\t\t\t\t\t\t\t\t<\/label>\n\t\t\t\t\t\t\t<input size=\"1 \"type=\"text\" name=\"form_fields[name]\" id=\"form-field-name\" class=\"wpr-form-field  wpr-form-field-textual\" required=\"required\" aria-required=\"true\">\t\t\t\t\t<\/div>\n\t\t\t\t\t\t\t\t\t<div class=\"wpr-form-field-type-text wpr-field-group wpr-column wpr-field-group-df1d6c8 elementor-repeater-item-df1d6c8 wpr-form-field-required wpr-required-mark\">\n\t\t\t\t\t\t\t\t\t\t\t\t\t\t<label for=\"form-field-df1d6c8\" class=\"wpr-form-field-label\" data-alt-label=\"E-mail\">\n\t\t\t\t\t\t\t\t\tE-mail\t\t\t\t\t\t\t\t<\/label>\n\t\t\t\t\t\t\t<input size=\"1 \"type=\"text\" name=\"form_fields[df1d6c8]\" id=\"form-field-df1d6c8\" class=\"wpr-form-field  wpr-form-field-textual\" required=\"required\" aria-required=\"true\">\t\t\t\t\t<\/div>\n\t\t\t\t\t\t\t\t\t<div class=\"wpr-form-field-type-tel wpr-field-group wpr-column wpr-field-group-message elementor-repeater-item-2d6edf9 wpr-form-field-required wpr-required-mark\">\n\t\t\t\t\t\t\t\t\t\t\t\t\t\t<label for=\"form-field-message\" class=\"wpr-form-field-label\" data-alt-label=\"Telem\u00f3vel\">\n\t\t\t\t\t\t\t\t\tTelem\u00f3vel\t\t\t\t\t\t\t\t<\/label>\n\t\t\t\t\t\t\t<input size=\"1 \"type=\"tel\" name=\"form_fields[message]\" id=\"form-field-message\" class=\"wpr-form-field  wpr-form-field-textual\" required=\"required\" aria-required=\"true\">\t\t\t\t\t<\/div>\n\t\t\t\t<div class=\"wpr-field-group wpr-stp-btns-wrap wpr-column wpr-form-field-type-submit\" data-actions=\"[&quot;email&quot;]\" data-redirect-url=\"\" data-mailchimp-fields=\"{&quot;email_field&quot;:&quot;&quot;,&quot;first_name_field&quot;:&quot;&quot;,&quot;last_name_field&quot;:&quot;&quot;,&quot;address_field&quot;:&quot;&quot;,&quot;phone_field&quot;:&quot;&quot;,&quot;birthday_field&quot;:&quot;&quot;,&quot;group_id&quot;:&quot;&quot;}\" data-list-id=\"\">\t\t\t<button type=\"submit\" class=\"wpr-button\">\n\t\t\t\t<span >\n\t\t\t\t\t\t\t\t\t\t\t\t\t\t\t\t<span>Enviar<\/span>\n\t\t\t\t\t\t\t\t\t\t\t\t\t\t<\/span>\t\n\t\t\t\t<div class=\"wpr-double-bounce wpr-loader-hidden\">\n\t\t\t\t\t<div class=\"wpr-child wpr-double-bounce1\"><\/div>\n\t\t\t\t\t<div class=\"wpr-child wpr-double-bounce2\"><\/div>\n\t\t\t\t<\/div>\n\t\t\t<\/button>\n\t\t<\/div>\t\t\t\t\n\t\t\t<\/div>\n\t\t<input type=\"hidden\" name=\"trp-form-language\" value=\"en\"\/><\/form>\n\t  \t\t\t\t<\/div>\n\t\t\t\t<div class=\"elementor-element elementor-element-144f0ba elementor-widget elementor-widget-spacer\" data-id=\"144f0ba\" data-element_type=\"widget\" data-e-type=\"widget\" data-widget_type=\"spacer.default\">\n\t\t\t\t\t\t\t<div class=\"elementor-spacer\">\n\t\t\t<div class=\"elementor-spacer-inner\"><\/div>\n\t\t<\/div>\n\t\t\t\t\t\t<\/div>\n\t\t\t\t\t<\/div>\n\t\t\t\t<\/div>\n\t\t<div class=\"elementor-element elementor-element-820f609 e-flex e-con-boxed wpr-particle-no wpr-jarallax-no wpr-parallax-no wpr-sticky-section-no wpr-equal-height-no e-con e-child\" data-id=\"820f609\" data-element_type=\"container\" data-e-type=\"container\">\n\t\t\t\t\t<div class=\"e-con-inner\">\n\t\t\t\t<div class=\"elementor-element elementor-element-014ad53 elementor-invisible elementor-widget elementor-widget-image\" data-id=\"014ad53\" data-element_type=\"widget\" data-e-type=\"widget\" data-settings=\"{&quot;_animation&quot;:&quot;fadeIn&quot;}\" data-widget_type=\"image.default\">\n\t\t\t\t\t\t\t\t\t\t\t\t\t\t\t<img fetchpriority=\"high\" decoding=\"async\" width=\"1080\" height=\"1350\" src=\"https:\/\/smarterbrand.pt\/wp-content\/uploads\/2025\/09\/7.png\" class=\"attachment-full size-full wp-image-2144\" alt=\"\" srcset=\"https:\/\/smarterbrand.pt\/wp-content\/uploads\/2025\/09\/7.png 1080w, https:\/\/smarterbrand.pt\/wp-content\/uploads\/2025\/09\/7-240x300.png 240w, https:\/\/smarterbrand.pt\/wp-content\/uploads\/2025\/09\/7-819x1024.png 819w, https:\/\/smarterbrand.pt\/wp-content\/uploads\/2025\/09\/7-768x960.png 768w\" sizes=\"(max-width: 1080px) 100vw, 1080px\" \/>\t\t\t\t\t\t\t\t\t\t\t\t\t\t\t<\/div>\n\t\t\t\t<div class=\"elementor-element elementor-element-0a58ad1 elementor-widget elementor-widget-spacer\" data-id=\"0a58ad1\" data-element_type=\"widget\" data-e-type=\"widget\" data-widget_type=\"spacer.default\">\n\t\t\t\t\t\t\t<div class=\"elementor-spacer\">\n\t\t\t<div class=\"elementor-spacer-inner\"><\/div>\n\t\t<\/div>\n\t\t\t\t\t\t<\/div>\n\t\t\t\t\t<\/div>\n\t\t\t\t<\/div>\n\t\t\t\t\t<\/div>\n\t\t\t\t<\/div>\n\t\t\t\t<\/div>","protected":false},"excerpt":{"rendered":"<p>Contactos Home \/ Contactos Vamos Falar? Vamos discutir o futuro digital da sua marca? Preencha o formul\u00e1rio e diga-nos em que podemos ajudar. Estamos prontos para ajudar a tornar a sua marca mais inteligente. Nome E-mail Telem\u00f3vel Enviar<\/p>","protected":false},"author":1,"featured_media":0,"parent":0,"menu_order":0,"comment_status":"closed","ping_status":"closed","template":"elementor_canvas","meta":{"footnotes":""},"class_list":["post-2076","page","type-page","status-publish","hentry"],"aioseo_notices":[],"yoast_head":"<!-- This site is optimized with the Yoast SEO plugin v27.4 - https:\/\/yoast.com\/product\/yoast-seo-wordpress\/ -->\n<title>Contactos - smarterbrand.pt<\/title>\n<meta name=\"robots\" content=\"index, follow, max-snippet:-1, max-image-preview:large, max-video-preview:-1\" \/>\n<link rel=\"canonical\" href=\"https:\/\/mediumpurple-finch-992021.hostingersite.com\/contactos\/\" \/>\n<meta property=\"og:locale\" content=\"en_US\" \/>\n<meta property=\"og:type\" content=\"article\" \/>\n<meta property=\"og:title\" content=\"Contactos - smarterbrand.pt\" \/>\n<meta property=\"og:description\" content=\"Contactos Home \/ Contactos Vamos Falar? Vamos discutir o futuro digital da sua marca? Preencha o formul\u00e1rio e diga-nos em que podemos ajudar. Estamos prontos para ajudar a tornar a sua marca mais inteligente. Nome E-mail Telem\u00f3vel Enviar\" \/>\n<meta property=\"og:url\" content=\"https:\/\/mediumpurple-finch-992021.hostingersite.com\/contactos\/\" \/>\n<meta property=\"og:site_name\" content=\"smarterbrand.pt\" \/>\n<meta property=\"article:modified_time\" content=\"2026-01-22T16:41:01+00:00\" \/>\n<meta property=\"og:image\" content=\"https:\/\/smarterbrand.pt\/wp-content\/uploads\/2025\/09\/7.png\" \/>\n<meta name=\"twitter:card\" content=\"summary_large_image\" \/>\n<script type=\"application\/ld+json\" class=\"yoast-schema-graph\">{\"@context\":\"https:\\\/\\\/schema.org\",\"@graph\":[{\"@type\":\"WebPage\",\"@id\":\"https:\\\/\\\/mediumpurple-finch-992021.hostingersite.com\\\/contactos\\\/\",\"url\":\"https:\\\/\\\/mediumpurple-finch-992021.hostingersite.com\\\/contactos\\\/\",\"name\":\"Contactos - smarterbrand.pt\",\"isPartOf\":{\"@id\":\"https:\\\/\\\/mediumpurple-finch-992021.hostingersite.com\\\/#website\"},\"primaryImageOfPage\":{\"@id\":\"https:\\\/\\\/mediumpurple-finch-992021.hostingersite.com\\\/contactos\\\/#primaryimage\"},\"image\":{\"@id\":\"https:\\\/\\\/mediumpurple-finch-992021.hostingersite.com\\\/contactos\\\/#primaryimage\"},\"thumbnailUrl\":\"https:\\\/\\\/smarterbrand.pt\\\/wp-content\\\/uploads\\\/2025\\\/09\\\/7.png\",\"datePublished\":\"2024-12-28T15:19:33+00:00\",\"dateModified\":\"2026-01-22T16:41:01+00:00\",\"breadcrumb\":{\"@id\":\"https:\\\/\\\/mediumpurple-finch-992021.hostingersite.com\\\/contactos\\\/#breadcrumb\"},\"inLanguage\":\"en-US\",\"potentialAction\":[{\"@type\":\"ReadAction\",\"target\":[\"https:\\\/\\\/mediumpurple-finch-992021.hostingersite.com\\\/contactos\\\/\"]}]},{\"@type\":\"ImageObject\",\"inLanguage\":\"en-US\",\"@id\":\"https:\\\/\\\/mediumpurple-finch-992021.hostingersite.com\\\/contactos\\\/#primaryimage\",\"url\":\"https:\\\/\\\/smarterbrand.pt\\\/wp-content\\\/uploads\\\/2025\\\/09\\\/7.png\",\"contentUrl\":\"https:\\\/\\\/smarterbrand.pt\\\/wp-content\\\/uploads\\\/2025\\\/09\\\/7.png\"},{\"@type\":\"BreadcrumbList\",\"@id\":\"https:\\\/\\\/mediumpurple-finch-992021.hostingersite.com\\\/contactos\\\/#breadcrumb\",\"itemListElement\":[{\"@type\":\"ListItem\",\"position\":1,\"name\":\"Home\",\"item\":\"https:\\\/\\\/mediumpurple-finch-992021.hostingersite.com\\\/\"},{\"@type\":\"ListItem\",\"position\":2,\"name\":\"Contactos\"}]},{\"@type\":\"WebSite\",\"@id\":\"https:\\\/\\\/mediumpurple-finch-992021.hostingersite.com\\\/#website\",\"url\":\"https:\\\/\\\/mediumpurple-finch-992021.hostingersite.com\\\/\",\"name\":\"smarterbrand.pt\",\"description\":\"Ag\u00eancia de marketing digital em Portugal especializada em consultoria estrat\u00e9gica, branding, websites, redes sociais, publicidade online e solu\u00e7\u00f5es de IA.\",\"publisher\":{\"@id\":\"https:\\\/\\\/mediumpurple-finch-992021.hostingersite.com\\\/#organization\"},\"potentialAction\":[{\"@type\":\"SearchAction\",\"target\":{\"@type\":\"EntryPoint\",\"urlTemplate\":\"https:\\\/\\\/mediumpurple-finch-992021.hostingersite.com\\\/?s={search_term_string}\"},\"query-input\":{\"@type\":\"PropertyValueSpecification\",\"valueRequired\":true,\"valueName\":\"search_term_string\"}}],\"inLanguage\":\"en-US\"},{\"@type\":\"Organization\",\"@id\":\"https:\\\/\\\/mediumpurple-finch-992021.hostingersite.com\\\/#organization\",\"name\":\"smarterbrand.pt\",\"url\":\"https:\\\/\\\/mediumpurple-finch-992021.hostingersite.com\\\/\",\"logo\":{\"@type\":\"ImageObject\",\"inLanguage\":\"en-US\",\"@id\":\"https:\\\/\\\/mediumpurple-finch-992021.hostingersite.com\\\/#\\\/schema\\\/logo\\\/image\\\/\",\"url\":\"https:\\\/\\\/smarterbrand.pt\\\/wp-content\\\/uploads\\\/2025\\\/09\\\/cropped-cropped-novo-logoSB.png\",\"contentUrl\":\"https:\\\/\\\/smarterbrand.pt\\\/wp-content\\\/uploads\\\/2025\\\/09\\\/cropped-cropped-novo-logoSB.png\",\"width\":512,\"height\":147,\"caption\":\"smarterbrand.pt\"},\"image\":{\"@id\":\"https:\\\/\\\/mediumpurple-finch-992021.hostingersite.com\\\/#\\\/schema\\\/logo\\\/image\\\/\"}}]}<\/script>\n<!-- \/ Yoast SEO plugin. -->","yoast_head_json":{"title":"Contactos - smarterbrand.pt","robots":{"index":"index","follow":"follow","max-snippet":"max-snippet:-1","max-image-preview":"max-image-preview:large","max-video-preview":"max-video-preview:-1"},"canonical":"https:\/\/mediumpurple-finch-992021.hostingersite.com\/contactos\/","og_locale":"en_US","og_type":"article","og_title":"Contactos - smarterbrand.pt","og_description":"Contactos Home \/ Contactos Vamos Falar? Vamos discutir o futuro digital da sua marca? Preencha o formul\u00e1rio e diga-nos em que podemos ajudar. Estamos prontos para ajudar a tornar a sua marca mais inteligente. Nome E-mail Telem\u00f3vel Enviar","og_url":"https:\/\/mediumpurple-finch-992021.hostingersite.com\/contactos\/","og_site_name":"smarterbrand.pt","article_modified_time":"2026-01-22T16:41:01+00:00","og_image":[{"url":"https:\/\/smarterbrand.pt\/wp-content\/uploads\/2025\/09\/7.png","type":"","width":"","height":""}],"twitter_card":"summary_large_image","schema":{"@context":"https:\/\/schema.org","@graph":[{"@type":"WebPage","@id":"https:\/\/mediumpurple-finch-992021.hostingersite.com\/contactos\/","url":"https:\/\/mediumpurple-finch-992021.hostingersite.com\/contactos\/","name":"Contactos - smarterbrand.pt","isPartOf":{"@id":"https:\/\/mediumpurple-finch-992021.hostingersite.com\/#website"},"primaryImageOfPage":{"@id":"https:\/\/mediumpurple-finch-992021.hostingersite.com\/contactos\/#primaryimage"},"image":{"@id":"https:\/\/mediumpurple-finch-992021.hostingersite.com\/contactos\/#primaryimage"},"thumbnailUrl":"https:\/\/smarterbrand.pt\/wp-content\/uploads\/2025\/09\/7.png","datePublished":"2024-12-28T15:19:33+00:00","dateModified":"2026-01-22T16:41:01+00:00","breadcrumb":{"@id":"https:\/\/mediumpurple-finch-992021.hostingersite.com\/contactos\/#breadcrumb"},"inLanguage":"en-US","potentialAction":[{"@type":"ReadAction","target":["https:\/\/mediumpurple-finch-992021.hostingersite.com\/contactos\/"]}]},{"@type":"ImageObject","inLanguage":"en-US","@id":"https:\/\/mediumpurple-finch-992021.hostingersite.com\/contactos\/#primaryimage","url":"https:\/\/smarterbrand.pt\/wp-content\/uploads\/2025\/09\/7.png","contentUrl":"https:\/\/smarterbrand.pt\/wp-content\/uploads\/2025\/09\/7.png"},{"@type":"BreadcrumbList","@id":"https:\/\/mediumpurple-finch-992021.hostingersite.com\/contactos\/#breadcrumb","itemListElement":[{"@type":"ListItem","position":1,"name":"Home","item":"https:\/\/mediumpurple-finch-992021.hostingersite.com\/"},{"@type":"ListItem","position":2,"name":"Contactos"}]},{"@type":"WebSite","@id":"https:\/\/mediumpurple-finch-992021.hostingersite.com\/#website","url":"https:\/\/mediumpurple-finch-992021.hostingersite.com\/","name":"smarterbrand.pt","description":"Ag\u00eancia de marketing digital em Portugal especializada em consultoria estrat\u00e9gica, branding, websites, redes sociais, publicidade online e solu\u00e7\u00f5es de IA.","publisher":{"@id":"https:\/\/mediumpurple-finch-992021.hostingersite.com\/#organization"},"potentialAction":[{"@type":"SearchAction","target":{"@type":"EntryPoint","urlTemplate":"https:\/\/mediumpurple-finch-992021.hostingersite.com\/?s={search_term_string}"},"query-input":{"@type":"PropertyValueSpecification","valueRequired":true,"valueName":"search_term_string"}}],"inLanguage":"en-US"},{"@type":"Organization","@id":"https:\/\/mediumpurple-finch-992021.hostingersite.com\/#organization","name":"smarterbrand.pt","url":"https:\/\/mediumpurple-finch-992021.hostingersite.com\/","logo":{"@type":"ImageObject","inLanguage":"en-US","@id":"https:\/\/mediumpurple-finch-992021.hostingersite.com\/#\/schema\/logo\/image\/","url":"https:\/\/smarterbrand.pt\/wp-content\/uploads\/2025\/09\/cropped-cropped-novo-logoSB.png","contentUrl":"https:\/\/smarterbrand.pt\/wp-content\/uploads\/2025\/09\/cropped-cropped-novo-logoSB.png","width":512,"height":147,"caption":"smarterbrand.pt"},"image":{"@id":"https:\/\/mediumpurple-finch-992021.hostingersite.com\/#\/schema\/logo\/image\/"}}]}},"_hostinger_reach_plugin_has_subscription_block":false,"_hostinger_reach_plugin_is_elementor":false,"_links":{"self":[{"href":"https:\/\/smarterbrand.pt\/en\/wp-json\/wp\/v2\/pages\/2076","targetHints":{"allow":["GET"]}}],"collection":[{"href":"https:\/\/smarterbrand.pt\/en\/wp-json\/wp\/v2\/pages"}],"about":[{"href":"https:\/\/smarterbrand.pt\/en\/wp-json\/wp\/v2\/types\/page"}],"author":[{"embeddable":true,"href":"https:\/\/smarterbrand.pt\/en\/wp-json\/wp\/v2\/users\/1"}],"replies":[{"embeddable":true,"href":"https:\/\/smarterbrand.pt\/en\/wp-json\/wp\/v2\/comments?post=2076"}],"version-history":[{"count":108,"href":"https:\/\/smarterbrand.pt\/en\/wp-json\/wp\/v2\/pages\/2076\/revisions"}],"predecessor-version":[{"id":3604,"href":"https:\/\/smarterbrand.pt\/en\/wp-json\/wp\/v2\/pages\/2076\/revisions\/3604"}],"wp:attachment":[{"href":"https:\/\/smarterbrand.pt\/en\/wp-json\/wp\/v2\/media?parent=2076"}],"curies":[{"name":"wp","href":"https:\/\/api.w.org\/{rel}","templated":true}]}}